{"id":149,"date":"2026-04-06T20:54:50","date_gmt":"2026-04-07T00:54:50","guid":{"rendered":"https:\/\/addguadeloupe.fr\/index.php\/rsv-radio-souffle-de-vie-101-4fm\/"},"modified":"2026-04-08T08:32:58","modified_gmt":"2026-04-08T12:32:58","slug":"rsv-radio-souffle-de-vie-101-4fm","status":"publish","type":"page","link":"https:\/\/addguadeloupe.fr\/index.php\/rsv-radio-souffle-de-vie-101-4fm\/","title":{"rendered":"RSV &#8211; Radio Souffle de Vie &#8211; 101.4FM"},"content":{"rendered":"\t\t<div data-elementor-type=\"wp-page\" data-elementor-id=\"149\" class=\"elementor elementor-149\">\n\t\t\t\t\t\t<section class=\"elementor-section elementor-top-section elementor-element elementor-element-34aeecb8 elementor-section-content-middle elementor-section-boxed elementor-section-height-default elementor-section-height-default\" data-id=\"34aeecb8\" data-element_type=\"section\" data-e-type=\"section\">\n\t\t\t\t\t\t<div class=\"elementor-container elementor-column-gap-no\">\n\t\t\t\t\t<div class=\"elementor-column elementor-col-50 elementor-top-column elementor-element elementor-element-561ebac6\" data-id=\"561ebac6\" data-element_type=\"column\" data-e-type=\"column\" data-settings=\"{&quot;background_background&quot;:&quot;classic&quot;}\">\n\t\t\t<div class=\"elementor-widget-wrap elementor-element-populated\">\n\t\t\t\t\t\t<div class=\"elementor-element elementor-element-620a97fe elementor-widget elementor-widget-image\" data-id=\"620a97fe\" data-element_type=\"widget\" data-e-type=\"widget\" data-widget_type=\"image.default\">\n\t\t\t\t\t\t\t\t\t\t\t\t\t\t\t<img decoding=\"async\" width=\"300\" height=\"166\" src=\"https:\/\/addguadeloupe.fr\/wp-content\/uploads\/2026\/04\/logo-rsv-768x426-1-300x166.png\" class=\"attachment-medium size-medium wp-image-265\" alt=\"\" srcset=\"https:\/\/addguadeloupe.fr\/wp-content\/uploads\/2026\/04\/logo-rsv-768x426-1-300x166.png 300w, https:\/\/addguadeloupe.fr\/wp-content\/uploads\/2026\/04\/logo-rsv-768x426-1-600x333.png 600w, https:\/\/addguadeloupe.fr\/wp-content\/uploads\/2026\/04\/logo-rsv-768x426-1.png 768w\" sizes=\"100vw\" \/>\t\t\t\t\t\t\t\t\t\t\t\t\t\t\t<\/div>\n\t\t\t\t<div class=\"elementor-element elementor-element-479aa4d elementor-widget elementor-widget-spacer\" data-id=\"479aa4d\" data-element_type=\"widget\" data-e-type=\"widget\" data-widget_type=\"spacer.default\">\n\t\t\t\t\t\t\t<div class=\"elementor-spacer\">\n\t\t\t<div class=\"elementor-spacer-inner\"><\/div>\n\t\t<\/div>\n\t\t\t\t\t\t<\/div>\n\t\t\t\t\t<\/div>\n\t\t<\/div>\n\t\t\t\t<div class=\"elementor-column elementor-col-50 elementor-top-column elementor-element elementor-element-23e93482\" data-id=\"23e93482\" data-element_type=\"column\" data-e-type=\"column\" data-settings=\"{&quot;background_background&quot;:&quot;classic&quot;}\">\n\t\t\t<div class=\"elementor-widget-wrap elementor-element-populated\">\n\t\t\t\t\t\t<div class=\"elementor-element elementor-element-69686f5 elementor-widget elementor-widget-text-editor\" data-id=\"69686f5\" data-element_type=\"widget\" data-e-type=\"widget\" data-widget_type=\"text-editor.default\">\n\t\t\t\t\t\t\t\t\t<p>Radio Souffle de Vie est une radio \u00e9vang\u00e9lique qui \u00e9met depuis 1982 sur la 101.4 FM la Bonne Nouvelle de l&rsquo;\u00c9vangile.<br \/>Chaque jour, la radio insuffle la Vie \u00e0 des milliers d\u2019auditeurs et d\u2019internautes qui sont b\u00e9nis par son message de foi, d\u2019esp\u00e9rance et d\u2019amour.<\/p><p>RADIO SOUFFLE DE VIE<br \/>20, Morne Boissard 97110 POINTE-A-PITRE<br \/>T\u00e9l : 0590 91 31 98\u00a0<\/p>\t\t\t\t\t\t\t\t<\/div>\n\t\t\t\t\t<\/div>\n\t\t<\/div>\n\t\t\t\t\t<\/div>\n\t\t<\/section>\n\t\t\t\t<section class=\"elementor-section elementor-top-section elementor-element elementor-element-52fea841 elementor-section-stretched elementor-section-full_width elementor-section-height-default elementor-section-height-default\" data-id=\"52fea841\" data-element_type=\"section\" data-e-type=\"section\" data-settings=\"{&quot;stretch_section&quot;:&quot;section-stretched&quot;,&quot;background_background&quot;:&quot;classic&quot;}\">\n\t\t\t\t\t\t<div class=\"elementor-container elementor-column-gap-default\">\n\t\t\t\t\t<div class=\"elementor-column elementor-col-100 elementor-top-column elementor-element elementor-element-7cf1923\" data-id=\"7cf1923\" data-element_type=\"column\" data-e-type=\"column\">\n\t\t\t<div class=\"elementor-widget-wrap\">\n\t\t\t\t\t\t\t<\/div>\n\t\t<\/div>\n\t\t\t\t\t<\/div>\n\t\t<\/section>\n\t\t\t\t<section class=\"elementor-section elementor-top-section elementor-element elementor-element-59aa233f elementor-section-boxed elementor-section-height-default elementor-section-height-default\" data-id=\"59aa233f\" data-element_type=\"section\" data-e-type=\"section\">\n\t\t\t\t\t\t<div class=\"elementor-container elementor-column-gap-default\">\n\t\t\t\t\t<div class=\"elementor-column elementor-col-100 elementor-top-column elementor-element elementor-element-0c2e952\" data-id=\"0c2e952\" data-element_type=\"column\" data-e-type=\"column\">\n\t\t\t<div class=\"elementor-widget-wrap\">\n\t\t\t\t\t\t\t<\/div>\n\t\t<\/div>\n\t\t\t\t\t<\/div>\n\t\t<\/section>\n\t\t<div class=\"elementor-element elementor-element-23e528d e-flex e-con-boxed e-con e-parent\" data-id=\"23e528d\" data-element_type=\"container\" data-e-type=\"container\">\n\t\t\t\t\t<div class=\"e-con-inner\">\n\t\t<div class=\"elementor-element elementor-element-c3f7965 e-con-full e-flex e-con e-child\" data-id=\"c3f7965\" data-element_type=\"container\" data-e-type=\"container\">\n\t\t\t\t<div class=\"elementor-element elementor-element-afdaacb elementor-widget elementor-widget-text-editor\" data-id=\"afdaacb\" data-element_type=\"widget\" data-e-type=\"widget\" data-widget_type=\"text-editor.default\">\n\t\t\t\t\t\t\t\t\t<p><!-- BEGINS: AUTO-GENERATED MUSES RADIO PLAYER CODE --><br \/><script type=\"text\/javascript\" src=\"https:\/\/hosted.muses.org\/mrp.js\"><\/script><br \/><script type=\"text\/javascript\">\nMRP.insert({\n'url':'https:\/\/radio.rsv-gpe.info\/radio\/8000\/radio.mp3',\n'lang':'fr',\n'volume':80,\n'autoplay':true,\n'forceHTML5':true,\n'jsevents':true,\n'buffering':0,\n'title':'Radio Souffle de Vie',\n'wmode':'transparent',\n'skin':'oldradio',\n'width':205,\n'height':132\n});\n<\/script><br \/><!-- ENDS: AUTO-GENERATED MUSES RADIO PLAYER CODE --><\/p>\t\t\t\t\t\t\t\t<\/div>\n\t\t\t\t<\/div>\n\t\t\t\t\t<\/div>\n\t\t\t\t<\/div>\n\t\t\t\t<\/div>\n\t\t","protected":false},"excerpt":{"rendered":"<p>Radio Souffle de Vie est une radio \u00e9vang\u00e9lique qui \u00e9met depuis 1982 sur la 101.4 FM la Bonne Nouvelle de l&rsquo;\u00c9vangile.Chaque jour, la radio insuffle la Vie \u00e0 des milliers d\u2019auditeurs et d\u2019internautes qui sont b\u00e9nis par son message de foi, d\u2019esp\u00e9rance et d\u2019amour. RADIO SOUFFLE DE VIE20, Morne Boissard 97110 POINTE-A-PITRET\u00e9l : 0590 91 &hellip; <\/p>\n<p class=\"link-more\"><a href=\"https:\/\/addguadeloupe.fr\/index.php\/rsv-radio-souffle-de-vie-101-4fm\/\" class=\"more-link\">Lire la suite de<span class=\"screen-reader-text\">\u00ab\u00a0RSV &#8211; Radio Souffle de Vie &#8211; 101.4FM\u00a0\u00bb<\/span><\/a><\/p>\n","protected":false},"author":1,"featured_media":0,"parent":0,"menu_order":0,"comment_status":"closed","ping_status":"closed","template":"","meta":{"_monsterinsights_skip_tracking":false,"_monsterinsights_sitenote_active":false,"_monsterinsights_sitenote_note":"","_monsterinsights_sitenote_category":0,"inspiro_hide_title":false,"footnotes":""},"class_list":["post-149","page","type-page","status-publish","hentry"],"yoast_head":"<!-- This site is optimized with the Yoast SEO plugin v27.3 - https:\/\/yoast.com\/product\/yoast-seo-wordpress\/ -->\n<title>RSV - Radio Souffle de Vie - 101.4FM - F\u00e9d\u00e9ration des Assembl\u00e9es de Dieu en Guadeloupe<\/title>\n<meta name=\"robots\" content=\"index, follow, max-snippet:-1, max-image-preview:large, max-video-preview:-1\" \/>\n<link rel=\"canonical\" href=\"https:\/\/addguadeloupe.fr\/index.php\/rsv-radio-souffle-de-vie-101-4fm\/\" \/>\n<meta property=\"og:locale\" content=\"fr_FR\" \/>\n<meta property=\"og:type\" content=\"article\" \/>\n<meta property=\"og:title\" content=\"RSV - Radio Souffle de Vie - 101.4FM - F\u00e9d\u00e9ration des Assembl\u00e9es de Dieu en Guadeloupe\" \/>\n<meta property=\"og:description\" content=\"Radio Souffle de Vie est une radio \u00e9vang\u00e9lique qui \u00e9met depuis 1982 sur la 101.4 FM la Bonne Nouvelle de l&rsquo;\u00c9vangile.Chaque jour, la radio insuffle la Vie \u00e0 des milliers d\u2019auditeurs et d\u2019internautes qui sont b\u00e9nis par son message de foi, d\u2019esp\u00e9rance et d\u2019amour. RADIO SOUFFLE DE VIE20, Morne Boissard 97110 POINTE-A-PITRET\u00e9l : 0590 91 &hellip; Lire la suite de\u00ab\u00a0RSV &#8211; Radio Souffle de Vie &#8211; 101.4FM\u00a0\u00bb\" \/>\n<meta property=\"og:url\" content=\"https:\/\/addguadeloupe.fr\/index.php\/rsv-radio-souffle-de-vie-101-4fm\/\" \/>\n<meta property=\"og:site_name\" content=\"F\u00e9d\u00e9ration des Assembl\u00e9es de Dieu en Guadeloupe\" \/>\n<meta property=\"article:modified_time\" content=\"2026-04-08T12:32:58+00:00\" \/>\n<meta property=\"og:image\" content=\"https:\/\/addguadeloupe.fr\/wp-content\/uploads\/2026\/04\/logo-rsv-768x426-1.png\" \/>\n\t<meta property=\"og:image:width\" content=\"768\" \/>\n\t<meta property=\"og:image:height\" content=\"426\" \/>\n\t<meta property=\"og:image:type\" content=\"image\/png\" \/>\n<meta name=\"twitter:card\" content=\"summary_large_image\" \/>\n<meta name=\"twitter:label1\" content=\"Dur\u00e9e de lecture estim\u00e9e\" \/>\n\t<meta name=\"twitter:data1\" content=\"1 minute\" \/>\n<script type=\"application\/ld+json\" class=\"yoast-schema-graph\">{\"@context\":\"https:\\\/\\\/schema.org\",\"@graph\":[{\"@type\":\"WebPage\",\"@id\":\"https:\\\/\\\/addguadeloupe.fr\\\/index.php\\\/rsv-radio-souffle-de-vie-101-4fm\\\/\",\"url\":\"https:\\\/\\\/addguadeloupe.fr\\\/index.php\\\/rsv-radio-souffle-de-vie-101-4fm\\\/\",\"name\":\"RSV - Radio Souffle de Vie - 101.4FM - F\u00e9d\u00e9ration des Assembl\u00e9es de Dieu en Guadeloupe\",\"isPartOf\":{\"@id\":\"https:\\\/\\\/addguadeloupe.fr\\\/#website\"},\"primaryImageOfPage\":{\"@id\":\"https:\\\/\\\/addguadeloupe.fr\\\/index.php\\\/rsv-radio-souffle-de-vie-101-4fm\\\/#primaryimage\"},\"image\":{\"@id\":\"https:\\\/\\\/addguadeloupe.fr\\\/index.php\\\/rsv-radio-souffle-de-vie-101-4fm\\\/#primaryimage\"},\"thumbnailUrl\":\"https:\\\/\\\/addguadeloupe.fr\\\/wp-content\\\/uploads\\\/2026\\\/04\\\/logo-rsv-768x426-1-300x166.png\",\"datePublished\":\"2026-04-07T00:54:50+00:00\",\"dateModified\":\"2026-04-08T12:32:58+00:00\",\"breadcrumb\":{\"@id\":\"https:\\\/\\\/addguadeloupe.fr\\\/index.php\\\/rsv-radio-souffle-de-vie-101-4fm\\\/#breadcrumb\"},\"inLanguage\":\"fr-FR\",\"potentialAction\":[{\"@type\":\"ReadAction\",\"target\":[\"https:\\\/\\\/addguadeloupe.fr\\\/index.php\\\/rsv-radio-souffle-de-vie-101-4fm\\\/\"]}]},{\"@type\":\"ImageObject\",\"inLanguage\":\"fr-FR\",\"@id\":\"https:\\\/\\\/addguadeloupe.fr\\\/index.php\\\/rsv-radio-souffle-de-vie-101-4fm\\\/#primaryimage\",\"url\":\"https:\\\/\\\/addguadeloupe.fr\\\/wp-content\\\/uploads\\\/2026\\\/04\\\/logo-rsv-768x426-1.png\",\"contentUrl\":\"https:\\\/\\\/addguadeloupe.fr\\\/wp-content\\\/uploads\\\/2026\\\/04\\\/logo-rsv-768x426-1.png\",\"width\":768,\"height\":426},{\"@type\":\"BreadcrumbList\",\"@id\":\"https:\\\/\\\/addguadeloupe.fr\\\/index.php\\\/rsv-radio-souffle-de-vie-101-4fm\\\/#breadcrumb\",\"itemListElement\":[{\"@type\":\"ListItem\",\"position\":1,\"name\":\"Home\",\"item\":\"https:\\\/\\\/addguadeloupe.fr\\\/\"},{\"@type\":\"ListItem\",\"position\":2,\"name\":\"RSV &#8211; Radio Souffle de Vie &#8211; 101.4FM\"}]},{\"@type\":\"WebSite\",\"@id\":\"https:\\\/\\\/addguadeloupe.fr\\\/#website\",\"url\":\"https:\\\/\\\/addguadeloupe.fr\\\/\",\"name\":\"F\u00e9d\u00e9ration des Assembl\u00e9es de Dieu en Guadeloupe\",\"description\":\"J\u00e9sus-Christ est le chemin la v\u00e9rit\u00e9 et la vie\",\"publisher\":{\"@id\":\"https:\\\/\\\/addguadeloupe.fr\\\/#organization\"},\"potentialAction\":[{\"@type\":\"SearchAction\",\"target\":{\"@type\":\"EntryPoint\",\"urlTemplate\":\"https:\\\/\\\/addguadeloupe.fr\\\/?s={search_term_string}\"},\"query-input\":{\"@type\":\"PropertyValueSpecification\",\"valueRequired\":true,\"valueName\":\"search_term_string\"}}],\"inLanguage\":\"fr-FR\"},{\"@type\":\"Organization\",\"@id\":\"https:\\\/\\\/addguadeloupe.fr\\\/#organization\",\"name\":\"F\u00e9d\u00e9ration des Assembl\u00e9es de Dieu en Guadeloupe\",\"url\":\"https:\\\/\\\/addguadeloupe.fr\\\/\",\"logo\":{\"@type\":\"ImageObject\",\"inLanguage\":\"fr-FR\",\"@id\":\"https:\\\/\\\/addguadeloupe.fr\\\/#\\\/schema\\\/logo\\\/image\\\/\",\"url\":\"https:\\\/\\\/addguadeloupe.fr\\\/wp-content\\\/uploads\\\/2026\\\/04\\\/Logo-add.png\",\"contentUrl\":\"https:\\\/\\\/addguadeloupe.fr\\\/wp-content\\\/uploads\\\/2026\\\/04\\\/Logo-add.png\",\"width\":1054,\"height\":586,\"caption\":\"F\u00e9d\u00e9ration des Assembl\u00e9es de Dieu en Guadeloupe\"},\"image\":{\"@id\":\"https:\\\/\\\/addguadeloupe.fr\\\/#\\\/schema\\\/logo\\\/image\\\/\"}}]}<\/script>\n<!-- \/ Yoast SEO plugin. -->","yoast_head_json":{"title":"RSV - Radio Souffle de Vie - 101.4FM - F\u00e9d\u00e9ration des Assembl\u00e9es de Dieu en Guadeloupe","robots":{"index":"index","follow":"follow","max-snippet":"max-snippet:-1","max-image-preview":"max-image-preview:large","max-video-preview":"max-video-preview:-1"},"canonical":"https:\/\/addguadeloupe.fr\/index.php\/rsv-radio-souffle-de-vie-101-4fm\/","og_locale":"fr_FR","og_type":"article","og_title":"RSV - Radio Souffle de Vie - 101.4FM - F\u00e9d\u00e9ration des Assembl\u00e9es de Dieu en Guadeloupe","og_description":"Radio Souffle de Vie est une radio \u00e9vang\u00e9lique qui \u00e9met depuis 1982 sur la 101.4 FM la Bonne Nouvelle de l&rsquo;\u00c9vangile.Chaque jour, la radio insuffle la Vie \u00e0 des milliers d\u2019auditeurs et d\u2019internautes qui sont b\u00e9nis par son message de foi, d\u2019esp\u00e9rance et d\u2019amour. RADIO SOUFFLE DE VIE20, Morne Boissard 97110 POINTE-A-PITRET\u00e9l : 0590 91 &hellip; Lire la suite de\u00ab\u00a0RSV &#8211; Radio Souffle de Vie &#8211; 101.4FM\u00a0\u00bb","og_url":"https:\/\/addguadeloupe.fr\/index.php\/rsv-radio-souffle-de-vie-101-4fm\/","og_site_name":"F\u00e9d\u00e9ration des Assembl\u00e9es de Dieu en Guadeloupe","article_modified_time":"2026-04-08T12:32:58+00:00","og_image":[{"width":768,"height":426,"url":"https:\/\/addguadeloupe.fr\/wp-content\/uploads\/2026\/04\/logo-rsv-768x426-1.png","type":"image\/png"}],"twitter_card":"summary_large_image","twitter_misc":{"Dur\u00e9e de lecture estim\u00e9e":"1 minute"},"schema":{"@context":"https:\/\/schema.org","@graph":[{"@type":"WebPage","@id":"https:\/\/addguadeloupe.fr\/index.php\/rsv-radio-souffle-de-vie-101-4fm\/","url":"https:\/\/addguadeloupe.fr\/index.php\/rsv-radio-souffle-de-vie-101-4fm\/","name":"RSV - Radio Souffle de Vie - 101.4FM - F\u00e9d\u00e9ration des Assembl\u00e9es de Dieu en Guadeloupe","isPartOf":{"@id":"https:\/\/addguadeloupe.fr\/#website"},"primaryImageOfPage":{"@id":"https:\/\/addguadeloupe.fr\/index.php\/rsv-radio-souffle-de-vie-101-4fm\/#primaryimage"},"image":{"@id":"https:\/\/addguadeloupe.fr\/index.php\/rsv-radio-souffle-de-vie-101-4fm\/#primaryimage"},"thumbnailUrl":"https:\/\/addguadeloupe.fr\/wp-content\/uploads\/2026\/04\/logo-rsv-768x426-1-300x166.png","datePublished":"2026-04-07T00:54:50+00:00","dateModified":"2026-04-08T12:32:58+00:00","breadcrumb":{"@id":"https:\/\/addguadeloupe.fr\/index.php\/rsv-radio-souffle-de-vie-101-4fm\/#breadcrumb"},"inLanguage":"fr-FR","potentialAction":[{"@type":"ReadAction","target":["https:\/\/addguadeloupe.fr\/index.php\/rsv-radio-souffle-de-vie-101-4fm\/"]}]},{"@type":"ImageObject","inLanguage":"fr-FR","@id":"https:\/\/addguadeloupe.fr\/index.php\/rsv-radio-souffle-de-vie-101-4fm\/#primaryimage","url":"https:\/\/addguadeloupe.fr\/wp-content\/uploads\/2026\/04\/logo-rsv-768x426-1.png","contentUrl":"https:\/\/addguadeloupe.fr\/wp-content\/uploads\/2026\/04\/logo-rsv-768x426-1.png","width":768,"height":426},{"@type":"BreadcrumbList","@id":"https:\/\/addguadeloupe.fr\/index.php\/rsv-radio-souffle-de-vie-101-4fm\/#breadcrumb","itemListElement":[{"@type":"ListItem","position":1,"name":"Home","item":"https:\/\/addguadeloupe.fr\/"},{"@type":"ListItem","position":2,"name":"RSV &#8211; Radio Souffle de Vie &#8211; 101.4FM"}]},{"@type":"WebSite","@id":"https:\/\/addguadeloupe.fr\/#website","url":"https:\/\/addguadeloupe.fr\/","name":"F\u00e9d\u00e9ration des Assembl\u00e9es de Dieu en Guadeloupe","description":"J\u00e9sus-Christ est le chemin la v\u00e9rit\u00e9 et la vie","publisher":{"@id":"https:\/\/addguadeloupe.fr\/#organization"},"potentialAction":[{"@type":"SearchAction","target":{"@type":"EntryPoint","urlTemplate":"https:\/\/addguadeloupe.fr\/?s={search_term_string}"},"query-input":{"@type":"PropertyValueSpecification","valueRequired":true,"valueName":"search_term_string"}}],"inLanguage":"fr-FR"},{"@type":"Organization","@id":"https:\/\/addguadeloupe.fr\/#organization","name":"F\u00e9d\u00e9ration des Assembl\u00e9es de Dieu en Guadeloupe","url":"https:\/\/addguadeloupe.fr\/","logo":{"@type":"ImageObject","inLanguage":"fr-FR","@id":"https:\/\/addguadeloupe.fr\/#\/schema\/logo\/image\/","url":"https:\/\/addguadeloupe.fr\/wp-content\/uploads\/2026\/04\/Logo-add.png","contentUrl":"https:\/\/addguadeloupe.fr\/wp-content\/uploads\/2026\/04\/Logo-add.png","width":1054,"height":586,"caption":"F\u00e9d\u00e9ration des Assembl\u00e9es de Dieu en Guadeloupe"},"image":{"@id":"https:\/\/addguadeloupe.fr\/#\/schema\/logo\/image\/"}}]}},"featured_media_urls":[],"_links":{"self":[{"href":"https:\/\/addguadeloupe.fr\/index.php\/wp-json\/wp\/v2\/pages\/149","targetHints":{"allow":["GET"]}}],"collection":[{"href":"https:\/\/addguadeloupe.fr\/index.php\/wp-json\/wp\/v2\/pages"}],"about":[{"href":"https:\/\/addguadeloupe.fr\/index.php\/wp-json\/wp\/v2\/types\/page"}],"author":[{"embeddable":true,"href":"https:\/\/addguadeloupe.fr\/index.php\/wp-json\/wp\/v2\/users\/1"}],"replies":[{"embeddable":true,"href":"https:\/\/addguadeloupe.fr\/index.php\/wp-json\/wp\/v2\/comments?post=149"}],"version-history":[{"count":31,"href":"https:\/\/addguadeloupe.fr\/index.php\/wp-json\/wp\/v2\/pages\/149\/revisions"}],"predecessor-version":[{"id":346,"href":"https:\/\/addguadeloupe.fr\/index.php\/wp-json\/wp\/v2\/pages\/149\/revisions\/346"}],"wp:attachment":[{"href":"https:\/\/addguadeloupe.fr\/index.php\/wp-json\/wp\/v2\/media?parent=149"}],"curies":[{"name":"wp","href":"https:\/\/api.w.org\/{rel}","templated":true}]}}